{"id":1498,"date":"2024-04-08T17:52:33","date_gmt":"2024-04-08T17:52:33","guid":{"rendered":"https:\/\/dr-lahbabi-mounia.com\/?page_id=1498"},"modified":"2024-06-25T20:51:43","modified_gmt":"2024-06-25T20:51:43","slug":"communication-orales-et-posters","status":"publish","type":"page","link":"https:\/\/dr-lahbabi-mounia.com\/index.php\/communication-orales-et-posters\/","title":{"rendered":"Communication orales et posters"},"content":{"rendered":"\t\t<div data-elementor-type=\"wp-page\" data-elementor-id=\"1498\" class=\"elementor elementor-1498\" data-elementor-post-type=\"page\">\n\t\t\t\t<div class=\"elementor-element elementor-element-1c29692a e-flex e-con-boxed e-con e-parent\" data-id=\"1c29692a\" data-element_type=\"container\" data-settings=\"{&quot;background_background&quot;:&quot;slideshow&quot;,&quot;background_slideshow_gallery&quot;:[{&quot;id&quot;:587,&quot;url&quot;:&quot;https:\\\/\\\/dr-lahbabi-mounia.com\\\/wp-content\\\/uploads\\\/2024\\\/03\\\/Diplome-Dr-Lahbabi-Mounia-e1711834970464.jpg&quot;},{&quot;id&quot;:592,&quot;url&quot;:&quot;https:\\\/\\\/dr-lahbabi-mounia.com\\\/wp-content\\\/uploads\\\/2024\\\/03\\\/Memoire-Dr-Lahbabi-Mounia-e1711834920949.jpg&quot;},{&quot;id&quot;:591,&quot;url&quot;:&quot;https:\\\/\\\/dr-lahbabi-mounia.com\\\/wp-content\\\/uploads\\\/2024\\\/03\\\/Memoire-Dr-Lahbabi-Mounia-2-e1711834932702.jpg&quot;},{&quot;id&quot;:1089,&quot;url&quot;:&quot;https:\\\/\\\/dr-lahbabi-mounia.com\\\/wp-content\\\/uploads\\\/2024\\\/04\\\/cancer-de-lestomac-2.jpg&quot;},{&quot;id&quot;:1088,&quot;url&quot;:&quot;https:\\\/\\\/dr-lahbabi-mounia.com\\\/wp-content\\\/uploads\\\/2024\\\/04\\\/6b1302828e_102013_cancer-estomac.jpg&quot;}],&quot;background_slideshow_slide_duration&quot;:3000,&quot;background_slideshow_loop&quot;:&quot;yes&quot;,&quot;background_slideshow_slide_transition&quot;:&quot;fade&quot;,&quot;background_slideshow_transition_duration&quot;:500}\" data-core-v316-plus=\"true\">\n\t\t\t\t\t<div class=\"e-con-inner\">\n\t\t<div class=\"elementor-element elementor-element-3a2d1f0a e-flex e-con-boxed e-con e-child\" data-id=\"3a2d1f0a\" data-element_type=\"container\">\n\t\t\t\t\t<div class=\"e-con-inner\">\n\t\t\t\t<div class=\"elementor-element elementor-element-e4ecb59 elementor-widget elementor-widget-heading\" data-id=\"e4ecb59\" data-element_type=\"widget\" data-widget_type=\"heading.default\">\n\t\t\t\t<div class=\"elementor-widget-container\">\n\t\t\t<style>\/*! elementor - v3.20.0 - 26-03-2024 *\/\n.elementor-heading-title{padding:0;margin:0;line-height:1}.elementor-widget-heading .elementor-heading-title[class*=elementor-size-]>a{color:inherit;font-size:inherit;line-height:inherit}.elementor-widget-heading .elementor-heading-title.elementor-size-small{font-size:15px}.elementor-widget-heading .elementor-heading-title.elementor-size-medium{font-size:19px}.elementor-widget-heading .elementor-heading-title.elementor-size-large{font-size:29px}.elementor-widget-heading .elementor-heading-title.elementor-size-xl{font-size:39px}.elementor-widget-heading .elementor-heading-title.elementor-size-xxl{font-size:59px}<\/style><h1 class=\"elementor-heading-title elementor-size-default\">Communications <br>orales et posters<\/h1>\t\t<\/div>\n\t\t\t\t<\/div>\n\t\t\t\t<div class=\"elementor-element elementor-element-1f5bb92e elementor-widget elementor-widget-heading\" data-id=\"1f5bb92e\" data-element_type=\"widget\" data-widget_type=\"heading.default\">\n\t\t\t\t<div class=\"elementor-widget-container\">\n\t\t\t<h4 class=\"elementor-heading-title elementor-size-default\">Dr. Lahbabi Mounia<\/h4>\t\t<\/div>\n\t\t\t\t<\/div>\n\t\t\t\t\t<\/div>\n\t\t\t\t<\/div>\n\t\t\t\t\t<\/div>\n\t\t\t\t<\/div>\n\t\t<div class=\"elementor-element elementor-element-85d90b8 e-flex e-con-boxed e-con e-parent\" data-id=\"85d90b8\" data-element_type=\"container\" data-core-v316-plus=\"true\">\n\t\t\t\t\t<div class=\"e-con-inner\">\n\t\t\t\t<div class=\"elementor-element elementor-element-58862ee elementor-widget-divider--view-line_icon elementor-view-default elementor-widget-divider--element-align-center elementor-widget elementor-widget-divider\" data-id=\"58862ee\" data-element_type=\"widget\" data-widget_type=\"divider.default\">\n\t\t\t\t<div class=\"elementor-widget-container\">\n\t\t\t<style>\/*! elementor - v3.20.0 - 26-03-2024 *\/\n.elementor-widget-divider{--divider-border-style:none;--divider-border-width:1px;--divider-color:#0c0d0e;--divider-icon-size:20px;--divider-element-spacing:10px;--divider-pattern-height:24px;--divider-pattern-size:20px;--divider-pattern-url:none;--divider-pattern-repeat:repeat-x}.elementor-widget-divider .elementor-divider{display:flex}.elementor-widget-divider .elementor-divider__text{font-size:15px;line-height:1;max-width:95%}.elementor-widget-divider .elementor-divider__element{margin:0 var(--divider-element-spacing);flex-shrink:0}.elementor-widget-divider .elementor-icon{font-size:var(--divider-icon-size)}.elementor-widget-divider .elementor-divider-separator{display:flex;margin:0;direction:ltr}.elementor-widget-divider--view-line_icon .elementor-divider-separator,.elementor-widget-divider--view-line_text .elementor-divider-separator{align-items:center}.elementor-widget-divider--view-line_icon .elementor-divider-separator:after,.elementor-widget-divider--view-line_icon .elementor-divider-separator:before,.elementor-widget-divider--view-line_text .elementor-divider-separator:after,.elementor-widget-divider--view-line_text .elementor-divider-separator:before{display:block;content:\"\";border-block-end:0;flex-grow:1;border-block-start:var(--divider-border-width) var(--divider-border-style) var(--divider-color)}.elementor-widget-divider--element-align-left .elementor-divider .elementor-divider-separator>.elementor-divider__svg:first-of-type{flex-grow:0;flex-shrink:100}.elementor-widget-divider--element-align-left .elementor-divider-separator:before{content:none}.elementor-widget-divider--element-align-left .elementor-divider__element{margin-left:0}.elementor-widget-divider--element-align-right .elementor-divider .elementor-divider-separator>.elementor-divider__svg:last-of-type{flex-grow:0;flex-shrink:100}.elementor-widget-divider--element-align-right .elementor-divider-separator:after{content:none}.elementor-widget-divider--element-align-right .elementor-divider__element{margin-right:0}.elementor-widget-divider--element-align-start .elementor-divider .elementor-divider-separator>.elementor-divider__svg:first-of-type{flex-grow:0;flex-shrink:100}.elementor-widget-divider--element-align-start .elementor-divider-separator:before{content:none}.elementor-widget-divider--element-align-start .elementor-divider__element{margin-inline-start:0}.elementor-widget-divider--element-align-end .elementor-divider .elementor-divider-separator>.elementor-divider__svg:last-of-type{flex-grow:0;flex-shrink:100}.elementor-widget-divider--element-align-end .elementor-divider-separator:after{content:none}.elementor-widget-divider--element-align-end .elementor-divider__element{margin-inline-end:0}.elementor-widget-divider:not(.elementor-widget-divider--view-line_text):not(.elementor-widget-divider--view-line_icon) .elementor-divider-separator{border-block-start:var(--divider-border-width) var(--divider-border-style) var(--divider-color)}.elementor-widget-divider--separator-type-pattern{--divider-border-style:none}.elementor-widget-divider--separator-type-pattern.elementor-widget-divider--view-line .elementor-divider-separator,.elementor-widget-divider--separator-type-pattern:not(.elementor-widget-divider--view-line) .elementor-divider-separator:after,.elementor-widget-divider--separator-type-pattern:not(.elementor-widget-divider--view-line) .elementor-divider-separator:before,.elementor-widget-divider--separator-type-pattern:not([class*=elementor-widget-divider--view]) .elementor-divider-separator{width:100%;min-height:var(--divider-pattern-height);-webkit-mask-size:var(--divider-pattern-size) 100%;mask-size:var(--divider-pattern-size) 100%;-webkit-mask-repeat:var(--divider-pattern-repeat);mask-repeat:var(--divider-pattern-repeat);background-color:var(--divider-color);-webkit-mask-image:var(--divider-pattern-url);mask-image:var(--divider-pattern-url)}.elementor-widget-divider--no-spacing{--divider-pattern-size:auto}.elementor-widget-divider--bg-round{--divider-pattern-repeat:round}.rtl .elementor-widget-divider .elementor-divider__text{direction:rtl}.e-con-inner>.elementor-widget-divider,.e-con>.elementor-widget-divider{width:var(--container-widget-width,100%);--flex-grow:var(--container-widget-flex-grow)}<\/style>\t\t<div class=\"elementor-divider\">\n\t\t\t<span class=\"elementor-divider-separator\">\n\t\t\t\t\t\t\t<div class=\"elementor-icon elementor-divider__element\">\n\t\t\t\t\t<i aria-hidden=\"true\" class=\"icon icon-Document-Search\"><\/i><\/div>\n\t\t\t\t\t\t<\/span>\n\t\t<\/div>\n\t\t\t\t<\/div>\n\t\t\t\t<\/div>\n\t\t\t\t\t<\/div>\n\t\t\t\t<\/div>\n\t\t<div class=\"elementor-element elementor-element-f6e0a99 e-flex e-con-boxed e-con e-parent\" data-id=\"f6e0a99\" data-element_type=\"container\" data-core-v316-plus=\"true\">\n\t\t\t\t\t<div class=\"e-con-inner\">\n\t\t\t\t<div class=\"elementor-element elementor-element-e5f8922 elementor-align-center elementor-widget elementor-widget-embedpress_pdf\" data-id=\"e5f8922\" data-element_type=\"widget\" data-widget_type=\"embedpress_pdf.default\">\n\t\t\t\t<div class=\"elementor-widget-container\">\n\t\t\t    <div class=\"embedpress-document-embed ep-doc-f4189ea4b9ba52d738567ea4a0937a33 ose-document emebedpress-unit-px \" data-thememode=\"default\" data-customcolor=\"\" data-toolbar=\"yes\" data-toolbar-position=\"top\" data-open=\"no\" data-presentation-mode=\"yes\" data-download=\"yes\" data-copy=\"yes\" data-add-image=\"yes\" data-rotate=\"yes\" data-details=\"yes\" data-id=\"embedpress-pdf-e5f8922\" data-selection-tool=\"0\" data-scrolling=\"0\" data-spreads=\"-1\" style=\" max-width:100%; display: inline-block\">\n        \n        \n                <div >\n                \n                    <div id=\"ep-elementor-content-e5f8922\" class=\"ep-elementor-content  ep-fixed-width   ep-content-protection-disabled\">\n                        <div id=\"e5f8922\" class=\"ep-embed-content-wraper\">\n                            <div><iframe title=\"communications orales et posters\" class=\"embedpress-embed-document-pdf embedpress-pdf-e5f8922\" style=\"width: 1000px!important;height: 759px;; max-width:100%; display: inline-block\" src=\"https:\/\/dr-lahbabi-mounia.com\/wp-admin\/admin-ajax.php?action=get_viewer&#038;file=https%3A%2F%2Fdr-lahbabi-mounia.com%2Fwp-content%2Fuploads%2F2024%2F04%2Fcommunications-orales-et-posters.pdf&#038;scrolling=0&#038;selection_tool=0&#038;spreads=-1#key=dGhlbWVNb2RlPWRlZmF1bHQmdG9vbGJhcj10cnVlJnBvc2l0aW9uPXRvcCZwcmVzZW50YXRpb249dHJ1ZSZsYXp5TG9hZD1mYWxzZSZkb3dubG9hZD10cnVlJmNvcHlfdGV4dD10cnVlJmFkZF90ZXh0PXRydWUmZHJhdz10cnVlJmFkZF9pbWFnZT10cnVlJnBkZl9yb3RhdGlvbj10cnVlJnBkZl9kZXRhaWxzPXRydWUmem9vbV9pbj10cnVlJnpvb21fb3V0PXRydWUmZml0X3ZpZXc9dHJ1ZSZib29rbWFyaz10cnVlJmZsaXBib29rX3Rvb2xiYXJfcG9zaXRpb249Ym90dG9tJnNlbGVjdGlvbl90b29sPTAmc2Nyb2xsaW5nPTAmc3ByZWFkcz0tMSZpc19wcm9fYWN0aXZlPTA=&#038;zoom=auto\" class=\"embedpress-embed-document-pdf embedpress-pdf-e5f8922\" data-emid=\"embedpress-pdf-e5f8922\" frameborder=\"0\"><\/iframe><\/div>                        <\/div> \n\n                    <\/div>\n        \n\n                   \n                <\/div>\n            \n    <\/div>\n\n\t\t<\/div>\n\t\t\t\t<\/div>\n\t\t\t\t\t<\/div>\n\t\t\t\t<\/div>\n\t\t<div class=\"elementor-element elementor-element-897943c e-flex e-con-boxed e-con e-parent\" data-id=\"897943c\" data-element_type=\"container\" data-core-v316-plus=\"true\">\n\t\t\t\t\t<div class=\"e-con-inner\">\n\t\t<div class=\"elementor-element elementor-element-e25e232 e-flex e-con-boxed e-con e-child\" data-id=\"e25e232\" data-element_type=\"container\">\n\t\t\t\t\t<div class=\"e-con-inner\">\n\t\t<div class=\"elementor-element elementor-element-d791bb9 e-flex e-con-boxed e-con e-child\" data-id=\"d791bb9\" data-element_type=\"container\">\n\t\t\t\t\t<div class=\"e-con-inner\">\n\t\t\t\t<div class=\"elementor-element elementor-element-a0e0632 elementor-widget-divider--view-line_icon elementor-view-default elementor-widget-divider--element-align-center elementor-widget elementor-widget-divider\" data-id=\"a0e0632\" data-element_type=\"widget\" data-widget_type=\"divider.default\">\n\t\t\t\t<div class=\"elementor-widget-container\">\n\t\t\t\t\t<div class=\"elementor-divider\">\n\t\t\t<span class=\"elementor-divider-separator\">\n\t\t\t\t\t\t\t<div class=\"elementor-icon elementor-divider__element\">\n\t\t\t\t\t<i aria-hidden=\"true\" class=\"icon icon-Document-Search\"><\/i><\/div>\n\t\t\t\t\t\t<\/span>\n\t\t<\/div>\n\t\t\t\t<\/div>\n\t\t\t\t<\/div>\n\t\t\t\t\t<\/div>\n\t\t\t\t<\/div>\n\t\t\t\t\t<\/div>\n\t\t\t\t<\/div>\n\t\t\t\t\t<\/div>\n\t\t\t\t<\/div>\n\t\t<div class=\"elementor-element elementor-element-2a56748 e-flex e-con-boxed e-con e-parent\" data-id=\"2a56748\" data-element_type=\"container\" data-core-v316-plus=\"true\">\n\t\t\t\t\t<div class=\"e-con-inner\">\n\t\t<div class=\"elementor-element elementor-element-04a9936 e-flex e-con-boxed e-con e-child\" data-id=\"04a9936\" data-element_type=\"container\">\n\t\t\t\t\t<div class=\"e-con-inner\">\n\t\t<div class=\"elementor-element elementor-element-2b864fd e-flex e-con-boxed e-con e-child\" data-id=\"2b864fd\" data-element_type=\"container\" data-settings=\"{&quot;background_background&quot;:&quot;gradient&quot;}\">\n\t\t\t\t\t<div class=\"e-con-inner\">\n\t\t\t\t<div class=\"elementor-element elementor-element-4fb2ccc elementor-widget elementor-widget-heading\" data-id=\"4fb2ccc\" data-element_type=\"widget\" data-widget_type=\"heading.default\">\n\t\t\t\t<div class=\"elementor-widget-container\">\n\t\t\t<h2 class=\"elementor-heading-title elementor-size-default\"><a href=\"https:\/\/dr-lahbabi-mounia.com\/index.php\/travaux-scientifiques-de-recherche\/\">Page : Travaux scientifique\nde recherche<\/a><\/h2>\t\t<\/div>\n\t\t\t\t<\/div>\n\t\t\t\t\t<\/div>\n\t\t\t\t<\/div>\n\t\t\t\t\t<\/div>\n\t\t\t\t<\/div>\n\t\t\t\t\t<\/div>\n\t\t\t\t<\/div>\n\t\t<div class=\"elementor-element elementor-element-e56c1e9 e-flex e-con-boxed e-con e-parent\" data-id=\"e56c1e9\" data-element_type=\"container\" data-core-v316-plus=\"true\">\n\t\t\t\t\t<div class=\"e-con-inner\">\n\t\t\t\t<div class=\"elementor-element elementor-element-d5ee0d4 elementor-widget-divider--view-line_icon elementor-view-default elementor-widget-divider--element-align-center elementor-widget elementor-widget-divider\" data-id=\"d5ee0d4\" data-element_type=\"widget\" data-widget_type=\"divider.default\">\n\t\t\t\t<div class=\"elementor-widget-container\">\n\t\t\t\t\t<div class=\"elementor-divider\">\n\t\t\t<span class=\"elementor-divider-separator\">\n\t\t\t\t\t\t\t<div class=\"elementor-icon elementor-divider__element\">\n\t\t\t\t\t<i aria-hidden=\"true\" class=\"icon icon-doctor\"><\/i><\/div>\n\t\t\t\t\t\t<\/span>\n\t\t<\/div>\n\t\t\t\t<\/div>\n\t\t\t\t<\/div>\n\t\t\t\t\t<\/div>\n\t\t\t\t<\/div>\n\t\t<div class=\"elementor-element elementor-element-f344531 e-flex e-con-boxed e-con e-parent\" data-id=\"f344531\" data-element_type=\"container\" data-core-v316-plus=\"true\">\n\t\t\t\t\t<div class=\"e-con-inner\">\n\t\t\t\t<div class=\"elementor-element elementor-element-7a3d349 elementor-widget elementor-widget-heading\" data-id=\"7a3d349\" data-element_type=\"widget\" data-widget_type=\"heading.default\">\n\t\t\t\t<div class=\"elementor-widget-container\">\n\t\t\t<h2 class=\"elementor-heading-title elementor-size-default\"><a href=\"https:\/\/dr-lahbabi-mounia.com\/\">Dr Lahbabi Mounia Cabinet de Gastro-ent\u00e9rologue \u00e0 F\u00e8s<\/a><\/h2>\t\t<\/div>\n\t\t\t\t<\/div>\n\t\t\t\t\t<\/div>\n\t\t\t\t<\/div>\n\t\t\t\t<\/div>\n\t\t","protected":false},"excerpt":{"rendered":"<p>Communications orales et posters Dr. Lahbabi Mounia Page : Travaux scientifique de recherche Dr Lahbabi Mounia Cabinet de Gastro-ent\u00e9rologue \u00e0 F\u00e8s<\/p>\n","protected":false},"author":1,"featured_media":0,"parent":0,"menu_order":0,"comment_status":"closed","ping_status":"closed","template":"elementor_header_footer","meta":{"footnotes":""},"yoast_head":"<!-- This site is optimized with the Yoast SEO plugin v23.3 - https:\/\/yoast.com\/wordpress\/plugins\/seo\/ -->\n<title>Communication orales et posters - Dr Lahbabi Mounia<\/title>\n<meta name=\"description\" content=\"Communication orales et posters : Dilatation endoscopique des st\u00e9noses peptiques chez l\u2019enfant\" \/>\n<meta name=\"robots\" content=\"index, follow, max-snippet:-1, max-image-preview:large, max-video-preview:-1\" \/>\n<link rel=\"canonical\" href=\"https:\/\/dr-lahbabi-mounia.com\/index.php\/communication-orales-et-posters\/\" \/>\n<meta property=\"og:locale\" content=\"en_US\" \/>\n<meta property=\"og:type\" content=\"article\" \/>\n<meta property=\"og:title\" content=\"Communication orales et posters - Dr Lahbabi Mounia\" \/>\n<meta property=\"og:description\" content=\"Communication orales et posters : Dilatation endoscopique des st\u00e9noses peptiques chez l\u2019enfant\" \/>\n<meta property=\"og:url\" content=\"https:\/\/dr-lahbabi-mounia.com\/index.php\/communication-orales-et-posters\/\" \/>\n<meta property=\"og:site_name\" content=\"Dr Lahbabi Mounia\" \/>\n<meta property=\"article:modified_time\" content=\"2024-06-25T20:51:43+00:00\" \/>\n<meta name=\"twitter:card\" content=\"summary_large_image\" \/>\n<meta name=\"twitter:label1\" content=\"Est. reading time\" \/>\n\t<meta name=\"twitter:data1\" content=\"1 minute\" \/>\n<script type=\"application\/ld+json\" class=\"yoast-schema-graph\">{\"@context\":\"https:\/\/schema.org\",\"@graph\":[{\"@type\":\"WebPage\",\"@id\":\"https:\/\/dr-lahbabi-mounia.com\/index.php\/communication-orales-et-posters\/\",\"url\":\"https:\/\/dr-lahbabi-mounia.com\/index.php\/communication-orales-et-posters\/\",\"name\":\"Communication orales et posters - Dr Lahbabi Mounia\",\"isPartOf\":{\"@id\":\"https:\/\/dr-lahbabi-mounia.com\/#website\"},\"datePublished\":\"2024-04-08T17:52:33+00:00\",\"dateModified\":\"2024-06-25T20:51:43+00:00\",\"description\":\"Communication orales et posters : Dilatation endoscopique des st\u00e9noses peptiques chez l\u2019enfant\",\"breadcrumb\":{\"@id\":\"https:\/\/dr-lahbabi-mounia.com\/index.php\/communication-orales-et-posters\/#breadcrumb\"},\"inLanguage\":\"en-US\",\"potentialAction\":[{\"@type\":\"ReadAction\",\"target\":[\"https:\/\/dr-lahbabi-mounia.com\/index.php\/communication-orales-et-posters\/\"]}]},{\"@type\":\"BreadcrumbList\",\"@id\":\"https:\/\/dr-lahbabi-mounia.com\/index.php\/communication-orales-et-posters\/#breadcrumb\",\"itemListElement\":[{\"@type\":\"ListItem\",\"position\":1,\"name\":\"Home\",\"item\":\"https:\/\/dr-lahbabi-mounia.com\/\"},{\"@type\":\"ListItem\",\"position\":2,\"name\":\"Communication orales et posters\"}]},{\"@type\":\"WebSite\",\"@id\":\"https:\/\/dr-lahbabi-mounia.com\/#website\",\"url\":\"https:\/\/dr-lahbabi-mounia.com\/\",\"name\":\"Dr Lahbabi Mounia\",\"description\":\"\",\"publisher\":{\"@id\":\"https:\/\/dr-lahbabi-mounia.com\/#organization\"},\"potentialAction\":[{\"@type\":\"SearchAction\",\"target\":{\"@type\":\"EntryPoint\",\"urlTemplate\":\"https:\/\/dr-lahbabi-mounia.com\/?s={search_term_string}\"},\"query-input\":\"required name=search_term_string\"}],\"inLanguage\":\"en-US\"},{\"@type\":\"Organization\",\"@id\":\"https:\/\/dr-lahbabi-mounia.com\/#organization\",\"name\":\"Dr Lahbabi Mounia\",\"url\":\"https:\/\/dr-lahbabi-mounia.com\/\",\"logo\":{\"@type\":\"ImageObject\",\"inLanguage\":\"en-US\",\"@id\":\"https:\/\/dr-lahbabi-mounia.com\/#\/schema\/logo\/image\/\",\"url\":\"https:\/\/dr-lahbabi-mounia.com\/wp-content\/uploads\/2024\/04\/cropped-Dr-Mounia-lahbabi.png\",\"contentUrl\":\"https:\/\/dr-lahbabi-mounia.com\/wp-content\/uploads\/2024\/04\/cropped-Dr-Mounia-lahbabi.png\",\"width\":1094,\"height\":312,\"caption\":\"Dr Lahbabi Mounia\"},\"image\":{\"@id\":\"https:\/\/dr-lahbabi-mounia.com\/#\/schema\/logo\/image\/\"}}]}<\/script>\n<!-- \/ Yoast SEO plugin. -->","yoast_head_json":{"title":"Communication orales et posters - Dr Lahbabi Mounia","description":"Communication orales et posters : Dilatation endoscopique des st\u00e9noses peptiques chez l\u2019enfant","robots":{"index":"index","follow":"follow","max-snippet":"max-snippet:-1","max-image-preview":"max-image-preview:large","max-video-preview":"max-video-preview:-1"},"canonical":"https:\/\/dr-lahbabi-mounia.com\/index.php\/communication-orales-et-posters\/","og_locale":"en_US","og_type":"article","og_title":"Communication orales et posters - Dr Lahbabi Mounia","og_description":"Communication orales et posters : Dilatation endoscopique des st\u00e9noses peptiques chez l\u2019enfant","og_url":"https:\/\/dr-lahbabi-mounia.com\/index.php\/communication-orales-et-posters\/","og_site_name":"Dr Lahbabi Mounia","article_modified_time":"2024-06-25T20:51:43+00:00","twitter_card":"summary_large_image","twitter_misc":{"Est. reading time":"1 minute"},"schema":{"@context":"https:\/\/schema.org","@graph":[{"@type":"WebPage","@id":"https:\/\/dr-lahbabi-mounia.com\/index.php\/communication-orales-et-posters\/","url":"https:\/\/dr-lahbabi-mounia.com\/index.php\/communication-orales-et-posters\/","name":"Communication orales et posters - Dr Lahbabi Mounia","isPartOf":{"@id":"https:\/\/dr-lahbabi-mounia.com\/#website"},"datePublished":"2024-04-08T17:52:33+00:00","dateModified":"2024-06-25T20:51:43+00:00","description":"Communication orales et posters : Dilatation endoscopique des st\u00e9noses peptiques chez l\u2019enfant","breadcrumb":{"@id":"https:\/\/dr-lahbabi-mounia.com\/index.php\/communication-orales-et-posters\/#breadcrumb"},"inLanguage":"en-US","potentialAction":[{"@type":"ReadAction","target":["https:\/\/dr-lahbabi-mounia.com\/index.php\/communication-orales-et-posters\/"]}]},{"@type":"BreadcrumbList","@id":"https:\/\/dr-lahbabi-mounia.com\/index.php\/communication-orales-et-posters\/#breadcrumb","itemListElement":[{"@type":"ListItem","position":1,"name":"Home","item":"https:\/\/dr-lahbabi-mounia.com\/"},{"@type":"ListItem","position":2,"name":"Communication orales et posters"}]},{"@type":"WebSite","@id":"https:\/\/dr-lahbabi-mounia.com\/#website","url":"https:\/\/dr-lahbabi-mounia.com\/","name":"Dr Lahbabi Mounia","description":"","publisher":{"@id":"https:\/\/dr-lahbabi-mounia.com\/#organization"},"potentialAction":[{"@type":"SearchAction","target":{"@type":"EntryPoint","urlTemplate":"https:\/\/dr-lahbabi-mounia.com\/?s={search_term_string}"},"query-input":"required name=search_term_string"}],"inLanguage":"en-US"},{"@type":"Organization","@id":"https:\/\/dr-lahbabi-mounia.com\/#organization","name":"Dr Lahbabi Mounia","url":"https:\/\/dr-lahbabi-mounia.com\/","logo":{"@type":"ImageObject","inLanguage":"en-US","@id":"https:\/\/dr-lahbabi-mounia.com\/#\/schema\/logo\/image\/","url":"https:\/\/dr-lahbabi-mounia.com\/wp-content\/uploads\/2024\/04\/cropped-Dr-Mounia-lahbabi.png","contentUrl":"https:\/\/dr-lahbabi-mounia.com\/wp-content\/uploads\/2024\/04\/cropped-Dr-Mounia-lahbabi.png","width":1094,"height":312,"caption":"Dr Lahbabi Mounia"},"image":{"@id":"https:\/\/dr-lahbabi-mounia.com\/#\/schema\/logo\/image\/"}}]}},"_links":{"self":[{"href":"https:\/\/dr-lahbabi-mounia.com\/index.php\/wp-json\/wp\/v2\/pages\/1498"}],"collection":[{"href":"https:\/\/dr-lahbabi-mounia.com\/index.php\/wp-json\/wp\/v2\/pages"}],"about":[{"href":"https:\/\/dr-lahbabi-mounia.com\/index.php\/wp-json\/wp\/v2\/types\/page"}],"author":[{"embeddable":true,"href":"https:\/\/dr-lahbabi-mounia.com\/index.php\/wp-json\/wp\/v2\/users\/1"}],"replies":[{"embeddable":true,"href":"https:\/\/dr-lahbabi-mounia.com\/index.php\/wp-json\/wp\/v2\/comments?post=1498"}],"version-history":[{"count":24,"href":"https:\/\/dr-lahbabi-mounia.com\/index.php\/wp-json\/wp\/v2\/pages\/1498\/revisions"}],"predecessor-version":[{"id":4257,"href":"https:\/\/dr-lahbabi-mounia.com\/index.php\/wp-json\/wp\/v2\/pages\/1498\/revisions\/4257"}],"wp:attachment":[{"href":"https:\/\/dr-lahbabi-mounia.com\/index.php\/wp-json\/wp\/v2\/media?parent=1498"}],"curies":[{"name":"wp","href":"https:\/\/api.w.org\/{rel}","templated":true}]}}